{"id":23210,"date":"2023-04-08T12:03:48","date_gmt":"2023-04-08T12:03:48","guid":{"rendered":"https:\/\/www.verteco.digital\/verteco-shop-servicevilkaar\/"},"modified":"2023-04-13T18:32:55","modified_gmt":"2023-04-13T18:32:55","slug":"verteco-shop-servicevilkaar","status":"publish","type":"page","link":"https:\/\/www.verteco.digital\/da\/verteco-shop-servicevilkaar\/","title":{"rendered":"verteco.shop &#8211; servicevilk\u00e5r"},"content":{"rendered":"\t\t<div data-elementor-type=\"wp-page\" data-elementor-id=\"23210\" class=\"elementor elementor-23210\" data-elementor-post-type=\"page\">\n\t\t\t\t\t\t<section class=\"elementor-section elementor-top-section elementor-element elementor-element-da001f3 elementor-section-boxed elementor-section-height-default elementor-section-height-default\" data-id=\"da001f3\" data-element_type=\"section\" data-e-type=\"section\">\n\t\t\t\t\t\t<div class=\"elementor-container elementor-column-gap-default\">\n\t\t\t\t\t<div class=\"elementor-column elementor-col-100 elementor-top-column elementor-element elementor-element-1c0b874\" data-id=\"1c0b874\" data-element_type=\"column\" data-e-type=\"column\">\n\t\t\t<div class=\"elementor-widget-wrap elementor-element-populated\">\n\t\t\t\t\t\t<div class=\"elementor-element elementor-element-5650a89 elementor-widget elementor-widget-spacer\" data-id=\"5650a89\" data-element_type=\"widget\" data-e-type=\"widget\" data-widget_type=\"spacer.default\">\n\t\t\t\t<div class=\"elementor-widget-container\">\n\t\t\t\t\t\t\t<div class=\"elementor-spacer\">\n\t\t\t<div class=\"elementor-spacer-inner\"><\/div>\n\t\t<\/div>\n\t\t\t\t\t\t<\/div>\n\t\t\t\t<\/div>\n\t\t\t\t<div class=\"elementor-element elementor-element-0bcaaf4 elementor-widget elementor-widget-heading\" data-id=\"0bcaaf4\" data-element_type=\"widget\" data-e-type=\"widget\" data-widget_type=\"heading.default\">\n\t\t\t\t<div class=\"elementor-widget-container\">\n\t\t\t\t\t<h2 class=\"elementor-heading-title elementor-size-default\">Servicevilk\u00e5r - verteco.shop CSS-program<\/h2>\t\t\t\t<\/div>\n\t\t\t\t<\/div>\n\t\t\t\t<div class=\"elementor-element elementor-element-cf0880d elementor-widget elementor-widget-text-editor\" data-id=\"cf0880d\" data-element_type=\"widget\" data-e-type=\"widget\" data-widget_type=\"text-editor.default\">\n\t\t\t\t<div class=\"elementor-widget-container\">\n\t\t\t\t\t\t\t\t\t<p>Servicevilk\u00e5r, udstedt af Verteco Digital Services ltd (&#8220;Verteco&#8221;, &#8220;vi&#8221;, &#8220;os&#8221; eller &#8220;vores&#8221;). Disse Servicevilk\u00e5r (&#8220;Betingelser&#8221;) regulerer din brug af vores tjenester, herunder programmet verteco.shop Comparison Shopping Service (CSS) samt vores websted, v\u00e6rkt\u00f8jer og andre funktioner (samlet kaldet &#8220;Tjenesterne&#8221;). Ved at bruge vores tjenester accepterer du (&#8220;dig&#8221;, &#8220;din&#8221; eller &#8220;kunde&#8221;) at v\u00e6re bundet af disse vilk\u00e5r.<\/p>\n<ol>\n<li>Accept af vilk\u00e5r<\/li>\n<\/ol>\n<p>Ved at tilg\u00e5 eller bruge vores tjenester bekr\u00e6fter du, at du har l\u00e6st, forst\u00e5et og accepterer at v\u00e6re bundet af disse vilk\u00e5r og vores privatlivspolitik. Hvis du ikke accepterer disse vilk\u00e5r, skal du ikke tilg\u00e5 eller bruge vores tjenester.<\/p>\n<ol start=\"2\">\n<li>Berettigelse<\/li>\n<\/ol>\n<p>Du skal v\u00e6re mindst 18 \u00e5r for at bruge vores tjenester. Ved at bruge vores tjenester repr\u00e6senterer og garanterer du, at du opfylder dette krav og har bemyndigelse til at indg\u00e5 en juridisk bindende aftale.<\/p>\n<ol start=\"3\">\n<li>Kontoregistrering<\/li>\n<\/ol>\n<p>For at f\u00e5 adgang til visse funktioner i vores tjenester kan det v\u00e6re n\u00f8dvendigt at oprette en konto. Du er ansvarlig for at opretholde fortroligheden af dine kontooplysninger og er fuldt ud ansvarlig for alle aktiviteter, der finder sted under din konto. Du accepterer straks at underrette os om enhver uautoriseret brug af din konto eller ethvert andet brud p\u00e5 sikkerheden. Vi forbeholder os retten til at afslutte eller suspendere din konto til enhver tid uanset \u00e5rsag.<\/p>\n<ol start=\"4\">\n<li>Gratis pr\u00f8veversion<\/li>\n<\/ol>\n<p>Vi tilbyder en 30-dages gratis pr\u00f8veperiode for vores CSS-program. Intet kreditkort er p\u00e5kr\u00e6vet for den gratis pr\u00f8veperiode. Efter pr\u00f8veperioden skal du v\u00e6lge en prisplan og angive betalingsoplysninger for at forts\u00e6tte med at bruge vores tjenester.<\/p>\n<ol start=\"5\">\n<li>Pris og betaling<\/li>\n<\/ol>\n<p>Vores prisplaner er opf\u00f8rt p\u00e5 vores hjemmeside. Vi tilbyder forskellige prismuligheder for at im\u00f8dekomme forskellige behov. Betalinger forfalder m\u00e5nedligt eller som et engangsk\u00f8b, afh\u00e6ngigt af hvilken plan du v\u00e6lger. Alle gebyrer kan ikke refunderes, undtagen som kr\u00e6vet ved lov.<\/p>\n<ol start=\"6\">\n<li>\u00c6ndringer af tjenester og vilk\u00e5r<\/li>\n<\/ol>\n<p>Vi kan til enhver tid \u00e6ndre vores tjenester eller disse vilk\u00e5r efter eget sk\u00f8n. Hvis vi foretager v\u00e6sentlige \u00e6ndringer i disse vilk\u00e5r, giver vi dig besked ved at offentligg\u00f8re de opdaterede vilk\u00e5r p\u00e5 vores hjemmeside eller via andre kommunikationsmidler. Din fortsatte brug af vores tjenester efter s\u00e5danne \u00e6ndringer udg\u00f8r din accept af de nye vilk\u00e5r.<\/p>\n<ol start=\"7\">\n<li>Afslutning<\/li>\n<\/ol>\n<p>Hver af parterne kan opsige denne aftale til enhver tid, uanset \u00e5rsag, ved at give skriftlig meddelelse til den anden part. Ved opsigelse vil du oph\u00f8re med at bruge vores tjenester, og vi deaktiverer din adgang til vores platform.<\/p>\n<ol start=\"8\">\n<li>Intellektuel ejendom<\/li>\n<\/ol>\n<p>Alt indhold, varem\u00e6rker og andre intellektuelle ejendomsrettigheder relateret til vores tjenester ejes af os eller vores licensgivere. Du m\u00e5 ikke bruge, \u00e6ndre, reproducere, distribuere eller p\u00e5 anden m\u00e5de udnytte vores intellektuelle ejendom uden vores forudg\u00e5ende skriftlige samtykke.<\/p>\n<ol start=\"9\">\n<li>Ansvarsfraskrivelser og begr\u00e6nsning af ansvar<\/li>\n<\/ol>\n<p>Vores tjenester leveres &#8220;som de er&#8221; og &#8220;som tilg\u00e6ngelige&#8221; uden garantier af nogen art, hverken udtrykkelige eller underforst\u00e5ede. Vi garanterer ikke, at vores tjenester vil v\u00e6re uafbrudte, fejlfrie eller helt sikre.<\/p>\n<p>I det fulde omfang tilladt af loven, er vi ikke ansvarlige for nogen indirekte, tilf\u00e6ldige, s\u00e6rlige, f\u00f8lgeskader eller strafskader eller tab af fortjeneste eller indt\u00e6gter, uanset om det er p\u00e5draget direkte eller indirekte, eller tab af data, brug, goodwill , eller andre immaterielle tab, som f\u00f8lge af din adgang til eller brug af eller manglende evne til at f\u00e5 adgang til eller bruge vores tjenester.<\/p>\n<ol start=\"10\">\n<li>Skadesl\u00f8sholdelse<\/li>\n<\/ol>\n<p>Du accepterer at skadesl\u00f8sholde, forsvare og holde Verteco, dets tilknyttede selskaber og deres respektive embedsm\u00e6nd, direkt\u00f8rer, medarbejdere og agenter skadesl\u00f8s fra og imod alle krav, forpligtelser, skader, tab eller udgifter, herunder rimelige advokatsal\u00e6rer og omkostninger , der opst\u00e5r som f\u00f8lge af eller p\u00e5 nogen m\u00e5de forbundet med din adgang til eller brug af vores tjenester eller din overtr\u00e6delse af disse vilk\u00e5r.<\/p>\n<ol start=\"11\">\n<li>G\u00e6ldende lov og jurisdiktion<\/li>\n<\/ol>\n<p>Disse vilk\u00e5r skal v\u00e6re underlagt og fortolket i overensstemmelse med lovgivningen i Slovakiet, uden hensyntagen til dets lovkonflikter. Eventuelle tvister, der opst\u00e5r fra eller i forbindelse med disse vilk\u00e5r eller din brug af vores tjenester, skal afg\u00f8res ved de kompetente domstole i \u017dilina, Slovakiet, og du accepterer at underkaste dig s\u00e5danne domstoles personlige jurisdiktion.<\/p>\n<ol start=\"12\">\n<li>Adskillelighed<\/li>\n<\/ol>\n<p>Hvis en bestemmelse i disse vilk\u00e5r viser sig at v\u00e6re uh\u00e5ndh\u00e6velig eller ugyldig, skal denne bestemmelse begr\u00e6nses eller elimineres i det mindste n\u00f8dvendige omfang, s\u00e5ledes at disse vilk\u00e5r ellers forbliver i fuld kraft og virkning og kan h\u00e5ndh\u00e6ves.<\/p>\n<ol start=\"13\">\n<li>Hele aftalen<\/li>\n<\/ol>\n<p>Disse vilk\u00e5r udg\u00f8r sammen med vores privatlivspolitik hele aftalen mellem dig og Verteco vedr\u00f8rende din brug af vores tjenester, og erstatter alle tidligere eller samtidige aftaler, kommunikationer og forslag, hvad enten de er mundtlige eller skriftlige, mellem dig og Verteco.<\/p>\n<ol start=\"14\">\n<li>Ingen afkald<\/li>\n<\/ol>\n<p>Ingen afkald p\u00e5 nogen vilk\u00e5r i disse vilk\u00e5r skal anses for at v\u00e6re en yderligere eller vedvarende afkald p\u00e5 s\u00e5danne vilk\u00e5r eller andre vilk\u00e5r, og Vertecos undladelse af at h\u00e6vde nogen rettighed eller bestemmelse i henhold til disse vilk\u00e5r skal ikke udg\u00f8re et afkald p\u00e5 en s\u00e5dan rettighed eller bestemmelse.<\/p>\n<ol start=\"15\">\n<li>Kontakt information<\/li>\n<\/ol>\n<p>Hvis du har sp\u00f8rgsm\u00e5l eller bekymringer vedr\u00f8rende disse vilk\u00e5r eller vores tjenester, bedes du kontakte os p\u00e5 e-mail: <a href=\"mailto:info@verteco.shop\">info@verteco.shop<\/a><\/p>\n<p>\u00a9 Verteco Digital Services LTD Alle rettigheder forbeholdes.<\/p>\n\t\t\t\t\t\t\t\t<\/div>\n\t\t\t\t<\/div>\n\t\t\t\t<div class=\"elementor-element elementor-element-f0a03f1 elementor-fixed elementor-widget elementor-widget-button\" data-id=\"f0a03f1\" data-element_type=\"widget\" data-e-type=\"widget\" data-settings=\"{&quot;_position&quot;:&quot;fixed&quot;}\" data-widget_type=\"button.default\">\n\t\t\t\t<div class=\"elementor-widget-container\">\n\t\t\t\t\t\t\t\t\t<div class=\"elementor-button-wrapper\">\n\t\t\t\t\t<a class=\"elementor-button elementor-button-link elementor-size-sm\" href=\"https:\/\/www.verteco.promo\/\" target=\"_blank\">\n\t\t\t\t\t\t<span class=\"elementor-button-content-wrapper\">\n\t\t\t\t\t\t\t\t\t<span class=\"elementor-button-text\">Mere om verteco.shop CSS<\/span>\n\t\t\t\t\t<\/span>\n\t\t\t\t\t<\/a>\n\t\t\t\t<\/div>\n\t\t\t\t\t\t\t\t<\/div>\n\t\t\t\t<\/div>\n\t\t\t\t\t<\/div>\n\t\t<\/div>\n\t\t\t\t\t<\/div>\n\t\t<\/section>\n\t\t\t\t<\/div>\n\t\t","protected":false},"excerpt":{"rendered":"<p>Servicevilk\u00e5r &#8211; verteco.shop CSS-program Servicevilk\u00e5r, udstedt af Verteco Digital Services ltd (&#8220;Verteco&#8221;, &#8220;vi&#8221;, &#8220;os&#8221; eller &#8220;vores&#8221;). Disse Servicevilk\u00e5r (&#8220;Betingelser&#8221;) regulerer din brug af vores tjenester, herunder programmet verteco.shop Comparison Shopping Service (CSS) samt vores websted, v\u00e6rkt\u00f8jer og andre funktioner (samlet kaldet &#8220;Tjenesterne&#8221;). Ved at bruge vores tjenester accepterer du (&#8220;dig&#8221;, &#8220;din&#8221; eller &#8220;kunde&#8221;) at v\u00e6re [&hellip;]<\/p>\n","protected":false},"author":1,"featured_media":0,"parent":0,"menu_order":0,"comment_status":"closed","ping_status":"closed","template":"elementor_canvas","meta":{"footnotes":""},"class_list":["post-23210","page","type-page","status-publish","hentry"],"_links":{"self":[{"href":"https:\/\/www.verteco.digital\/da\/wp-json\/wp\/v2\/pages\/23210","targetHints":{"allow":["GET"]}}],"collection":[{"href":"https:\/\/www.verteco.digital\/da\/wp-json\/wp\/v2\/pages"}],"about":[{"href":"https:\/\/www.verteco.digital\/da\/wp-json\/wp\/v2\/types\/page"}],"author":[{"embeddable":true,"href":"https:\/\/www.verteco.digital\/da\/wp-json\/wp\/v2\/users\/1"}],"replies":[{"embeddable":true,"href":"https:\/\/www.verteco.digital\/da\/wp-json\/wp\/v2\/comments?post=23210"}],"version-history":[{"count":0,"href":"https:\/\/www.verteco.digital\/da\/wp-json\/wp\/v2\/pages\/23210\/revisions"}],"wp:attachment":[{"href":"https:\/\/www.verteco.digital\/da\/wp-json\/wp\/v2\/media?parent=23210"}],"curies":[{"name":"wp","href":"https:\/\/api.w.org\/{rel}","templated":true}]}}