{"id":23244,"date":"2023-04-08T12:03:48","date_gmt":"2023-04-08T12:03:48","guid":{"rendered":"https:\/\/www.verteco.digital\/verteco-shop-kayttoehdot\/"},"modified":"2023-04-13T18:52:25","modified_gmt":"2023-04-13T18:52:25","slug":"verteco-shop-kayttoehdot","status":"publish","type":"page","link":"https:\/\/www.verteco.digital\/fi\/verteco-shop-kayttoehdot\/","title":{"rendered":"verteco.shop &#8211; k\u00e4ytt\u00f6ehdot"},"content":{"rendered":"\t\t<div data-elementor-type=\"wp-page\" data-elementor-id=\"23244\" class=\"elementor elementor-23244\" data-elementor-post-type=\"page\">\n\t\t\t\t\t\t<section class=\"elementor-section elementor-top-section elementor-element elementor-element-da001f3 elementor-section-boxed elementor-section-height-default elementor-section-height-default\" data-id=\"da001f3\" data-element_type=\"section\" data-e-type=\"section\">\n\t\t\t\t\t\t<div class=\"elementor-container elementor-column-gap-default\">\n\t\t\t\t\t<div class=\"elementor-column elementor-col-100 elementor-top-column elementor-element elementor-element-1c0b874\" data-id=\"1c0b874\" data-element_type=\"column\" data-e-type=\"column\">\n\t\t\t<div class=\"elementor-widget-wrap elementor-element-populated\">\n\t\t\t\t\t\t<div class=\"elementor-element elementor-element-5650a89 elementor-widget elementor-widget-spacer\" data-id=\"5650a89\" data-element_type=\"widget\" data-e-type=\"widget\" data-widget_type=\"spacer.default\">\n\t\t\t\t<div class=\"elementor-widget-container\">\n\t\t\t\t\t\t\t<div class=\"elementor-spacer\">\n\t\t\t<div class=\"elementor-spacer-inner\"><\/div>\n\t\t<\/div>\n\t\t\t\t\t\t<\/div>\n\t\t\t\t<\/div>\n\t\t\t\t<div class=\"elementor-element elementor-element-0bcaaf4 elementor-widget elementor-widget-heading\" data-id=\"0bcaaf4\" data-element_type=\"widget\" data-e-type=\"widget\" data-widget_type=\"heading.default\">\n\t\t\t\t<div class=\"elementor-widget-container\">\n\t\t\t\t\t<h2 class=\"elementor-heading-title elementor-size-default\">Palveluehdot - verteco.shop CSS-ohjelma<\/h2>\t\t\t\t<\/div>\n\t\t\t\t<\/div>\n\t\t\t\t<div class=\"elementor-element elementor-element-cf0880d elementor-widget elementor-widget-text-editor\" data-id=\"cf0880d\" data-element_type=\"widget\" data-e-type=\"widget\" data-widget_type=\"text-editor.default\">\n\t\t\t\t<div class=\"elementor-widget-container\">\n\t\t\t\t\t\t\t\t\t<p>Palveluehdot, Verteco Digital Services ltd, tunnus: 53412834, ALV-tunnus: SK2121358349, rekister\u00f6ity osoitteessa Daniela Dlabaca 21, 010 01, \u017dilina, Slovakia, \u017dilinan k\u00e4r\u00e4j\u00e4oikeuden yritysrekisteri, osa: Sro, liite nro. 75936\/L, (&#8221;Verteco&#8221;, &#8221;me&#8221;, &#8221;me&#8221; tai &#8221;meid\u00e4n&#8221;). N\u00e4m\u00e4 Palveluehdot (&#8221;Ehdot&#8221;) s\u00e4\u00e4telev\u00e4t palveluidemme k\u00e4ytt\u00f6\u00e4, mukaan lukien verteco.shop Comparison Shopping Service (CSS) -ohjelma, sek\u00e4 verkkosivustomme, ty\u00f6kalumme ja muut ominaisuudet (yhteisesti &#8221;Palvelut&#8221;). K\u00e4ytt\u00e4m\u00e4ll\u00e4 palveluitamme sin\u00e4 (&#8221;sin\u00e4&#8221;, &#8221;sinun&#8221; tai &#8221;asiakas&#8221;) sitoudut noudattamaan n\u00e4it\u00e4 ehtoja.<\/p>\n<ol>\n<li>Ehtojen hyv\u00e4ksyminen<\/li>\n<\/ol>\n<p>K\u00e4ytt\u00e4m\u00e4ll\u00e4 palvelujamme vahvistat, ett\u00e4 olet lukenut, ymm\u00e4rt\u00e4nyt ja sitoudut noudattamaan n\u00e4it\u00e4 ehtoja ja tietosuojak\u00e4yt\u00e4nt\u00f6\u00e4mme. Jos et hyv\u00e4ksy n\u00e4it\u00e4 ehtoja, \u00e4l\u00e4 k\u00e4yt\u00e4 tai k\u00e4yt\u00e4 palveluitamme.<\/p>\n<ol start=\"2\">\n<li>Kelpoisuus<\/li>\n<\/ol>\n<p>Sinun tulee olla v\u00e4hint\u00e4\u00e4n 18-vuotias voidaksesi k\u00e4ytt\u00e4\u00e4 palveluitamme. K\u00e4ytt\u00e4m\u00e4ll\u00e4 Palveluitamme vakuutat ja takaat, ett\u00e4 t\u00e4yt\u00e4t t\u00e4m\u00e4n vaatimuksen ja sinulla on valtuudet tehd\u00e4 laillisesti sitova sopimus.<\/p>\n<ol start=\"3\">\n<li>Tilin rekister\u00f6inti<\/li>\n<\/ol>\n<p>Palvelujemme tiettyjen ominaisuuksien k\u00e4ytt\u00f6 edellytt\u00e4\u00e4 tilin luomista. Olet vastuussa tilisi k\u00e4ytt\u00f6oikeustietojesi luottamuksellisuuden s\u00e4ilytt\u00e4misest\u00e4 ja olet t\u00e4ysin vastuussa kaikista tilill\u00e4si tapahtuvista toimista. Sitoudut ilmoittamaan meille v\u00e4litt\u00f6m\u00e4sti tilisi luvattomasta k\u00e4yt\u00f6st\u00e4 tai muista tietoturvaloukkauksista. Pid\u00e4t\u00e4mme oikeuden lopettaa tai j\u00e4\u00e4dytt\u00e4\u00e4 tilisi milloin tahansa mist\u00e4 tahansa syyst\u00e4.<\/p>\n<ol start=\"4\">\n<li>Ilmainen kokeilu<\/li>\n<\/ol>\n<p>Tarjoamme 30 p\u00e4iv\u00e4n ilmaisen kokeilujakson CSS-ohjelmallemme. Ilmaiseen kokeiluun ei tarvita luottokorttia. Kokeilujakson j\u00e4lkeen sinun on valittava hinnoittelusuunnitelma ja annettava maksutiedot, jotta voit jatkaa Palveluidemme k\u00e4ytt\u00f6\u00e4.<\/p>\n<ol start=\"5\">\n<li>Hinnoittelu ja maksu<\/li>\n<\/ol>\n<p>Hinnoittelusuunnitelmamme on lueteltu verkkosivuillamme. Tarjoamme erilaisia hinnoitteluvaihtoehtoja erilaisiin tarpeisiin. Maksut er\u00e4\u00e4ntyv\u00e4t kuukausittain tai kertaostoksena valitsemasi suunnitelman mukaan. Kaikkia maksuja ei palauteta, paitsi lain edellytt\u00e4miss\u00e4 tapauksissa.<\/p>\n<ol start=\"6\">\n<li>Muutokset palveluihin ja ehtoihin<\/li>\n<\/ol>\n<p>Voimme muuttaa Palveluitamme tai n\u00e4it\u00e4 ehtoja milloin tahansa oman harkintamme mukaan. Jos teemme olennaisia muutoksia n\u00e4ihin ehtoihin, ilmoitamme sinulle julkaisemalla p\u00e4ivitetyt ehdot verkkosivustollamme tai muilla viestint\u00e4v\u00e4lineill\u00e4. Jatkamalla palveluidemme k\u00e4ytt\u00f6\u00e4 t\u00e4llaisten muutosten j\u00e4lkeen hyv\u00e4ksyt uudet ehdot.<\/p>\n<ol start=\"7\">\n<li>Irtisanominen<\/li>\n<\/ol>\n<p>Kumpikin osapuoli voi irtisanoa t\u00e4m\u00e4n sopimuksen milloin tahansa mist\u00e4 tahansa syyst\u00e4 ilmoittamalla siit\u00e4 kirjallisesti toiselle osapuolelle. Irtisanomisen j\u00e4lkeen lopetat palveluidemme k\u00e4yt\u00f6n ja est\u00e4mme p\u00e4\u00e4sysi alustallemme.<\/p>\n<ol start=\"8\">\n<li>Immateriaaliomaisuus<\/li>\n<\/ol>\n<p>Kaikki Palveluihimme liittyv\u00e4t sis\u00e4lt\u00f6, tavaramerkit ja muut immateriaalioikeudet ovat meid\u00e4n tai lisenssinantajamme omaisuutta. Et saa k\u00e4ytt\u00e4\u00e4, muokata, j\u00e4ljent\u00e4\u00e4, jakaa tai muuten hy\u00f6dynt\u00e4\u00e4 immateriaaliomaisuuttamme ilman kirjallista lupaamme.<\/p>\n<ol start=\"9\">\n<li>Vastuuvapauslausekkeet ja vastuunrajoitukset<\/li>\n<\/ol>\n<p>Palvelumme tarjotaan &#8221;sellaisenaan&#8221; ja &#8221;sellaisena kuin ne ovat saatavilla&#8221; ilman mink\u00e4\u00e4nlaisia takuita, joko nimenomaisia tai oletettuja. Emme takaa, ett\u00e4 Palvelumme ovat keskeytym\u00e4tt\u00f6mi\u00e4, virheett\u00f6mi\u00e4 tai t\u00e4ysin turvallisia.<\/p>\n<p>Lain sallimassa laajuudessa emme ole vastuussa mist\u00e4\u00e4n ep\u00e4suorista, satunnaisista, erityisist\u00e4, v\u00e4lillisist\u00e4 tai rankaisevista vahingoista tai tulojen menetyksist\u00e4, jotka ovat aiheutuneet suoraan tai ep\u00e4suorasti, tai mist\u00e4\u00e4n tietojen, k\u00e4yt\u00f6n tai liikearvon menetyksest\u00e4. tai muita aineettomia menetyksi\u00e4, jotka johtuvat p\u00e4\u00e4syst\u00e4si palveluihimme tai kyvytt\u00f6myydest\u00e4si k\u00e4ytt\u00e4\u00e4 palveluitamme.<\/p>\n<ol start=\"10\">\n<li>Korvaus<\/li>\n<\/ol>\n<p>Suostut korvaamaan, puolustamaan ja pit\u00e4m\u00e4\u00e4n Vertecoa, sen tyt\u00e4ryhti\u00f6it\u00e4 ja niiden vastaavia virkamiehi\u00e4, johtajia, ty\u00f6ntekij\u00f6it\u00e4 ja edustajia kaikista vaateista, vastuista, vahingoista, menetyksist\u00e4 tai kuluista, mukaan lukien kohtuulliset asianajopalkkiot ja kulut, ja niit\u00e4 vastaan. , jotka johtuvat p\u00e4\u00e4syst\u00e4si Palveluihimme tai niiden k\u00e4ytt\u00f6\u00f6n tai n\u00e4iden ehtojen rikkomisesta tai ovat jollakin tavalla yhteydess\u00e4 siihen.<\/p>\n<ol start=\"11\">\n<li>Sovellettava laki ja toimivalta<\/li>\n<\/ol>\n<p>N\u00e4ihin ehtoihin sovelletaan Slovakian lakeja ja niit\u00e4 tulkitaan niiden mukaisesti ottamatta huomioon sen lainvalintas\u00e4\u00e4nn\u00f6ksi\u00e4. Kaikki n\u00e4ist\u00e4 ehdoista tai palveluidemme k\u00e4yt\u00f6st\u00e4 johtuvat tai niihin liittyv\u00e4t kiistat ratkaistaan Slovakian \u017dilinassa sijaitsevissa toimivaltaisissa tuomioistuimissa, ja suostut alistumaan t\u00e4llaisten tuomioistuinten henkil\u00f6kohtaiseen toimivaltaan.<\/p>\n<ol start=\"12\">\n<li>Erotettavuus<\/li>\n<\/ol>\n<p>Jos jokin n\u00e4iden Ehtojen ehto todetaan t\u00e4yt\u00e4nt\u00f6\u00f6npanokelvottomaksi tai p\u00e4tem\u00e4tt\u00f6m\u00e4ksi, kyseist\u00e4 ehtoa rajoitetaan tai poistetaan siin\u00e4 m\u00e4\u00e4rin kuin se on tarpeen, jotta n\u00e4m\u00e4 ehdot pysyv\u00e4t muutoin t\u00e4ysin voimassa ja t\u00e4yt\u00e4nt\u00f6\u00f6npanokelpoisina.<\/p>\n<ol start=\"13\">\n<li>Koko sopimus<\/li>\n<\/ol>\n<p>N\u00e4m\u00e4 ehdot yhdess\u00e4 tietosuojak\u00e4yt\u00e4nt\u00f6mme kanssa muodostavat koko sopimuksen sinun ja Vertecon v\u00e4lill\u00e4, joka koskee palveluidemme k\u00e4ytt\u00f6\u00e4 ja korvaa kaikki aiemmat tai samanaikaiset suulliset tai kirjalliset sopimukset, yhteydenotot ja ehdotukset sinun ja Vertecon v\u00e4lill\u00e4.<\/p>\n<ol start=\"14\">\n<li>Ei luopumista<\/li>\n<\/ol>\n<p>Mit\u00e4\u00e4n n\u00e4iden Ehtojen ehdoista luopumista ei pidet\u00e4 jatkossa tai jatkuvana luopumisena kyseisest\u00e4 ehdosta tai mist\u00e4 tahansa muusta ehdosta, ja Vertecon ep\u00e4onnistuminen puolustaa mit\u00e4\u00e4n n\u00e4iden Ehtojen mukaista oikeutta tai ehtoa ei tarkoita luopumista kyseisest\u00e4 oikeudesta tai m\u00e4\u00e4r\u00e4yksest\u00e4.<\/p>\n<ol start=\"15\">\n<li>Yhteystiedot<\/li>\n<\/ol>\n<p>Jos sinulla on kysymyksi\u00e4 tai huolenaiheita n\u00e4ist\u00e4 ehdoista tai palveluistamme, ota meihin yhteytt\u00e4 s\u00e4hk\u00f6postitse: <a href=\"mailto:info@verteco.shop\">info@verteco.shop<\/a><\/p>\n<p>\u00a9 Verteco Digital Services LTD, Kaikki oikeudet pid\u00e4tet\u00e4\u00e4n.<\/p>\n\t\t\t\t\t\t\t\t<\/div>\n\t\t\t\t<\/div>\n\t\t\t\t<div class=\"elementor-element elementor-element-f0a03f1 elementor-fixed elementor-widget elementor-widget-button\" data-id=\"f0a03f1\" data-element_type=\"widget\" data-e-type=\"widget\" data-settings=\"{&quot;_position&quot;:&quot;fixed&quot;}\" data-widget_type=\"button.default\">\n\t\t\t\t<div class=\"elementor-widget-container\">\n\t\t\t\t\t\t\t\t\t<div class=\"elementor-button-wrapper\">\n\t\t\t\t\t<a class=\"elementor-button elementor-button-link elementor-size-sm\" href=\"https:\/\/www.verteco.promo\/\" target=\"_blank\">\n\t\t\t\t\t\t<span class=\"elementor-button-content-wrapper\">\n\t\t\t\t\t\t\t\t\t<span class=\"elementor-button-text\">Lis\u00e4tietoja verteco.shop CSS:st\u00e4<\/span>\n\t\t\t\t\t<\/span>\n\t\t\t\t\t<\/a>\n\t\t\t\t<\/div>\n\t\t\t\t\t\t\t\t<\/div>\n\t\t\t\t<\/div>\n\t\t\t\t\t<\/div>\n\t\t<\/div>\n\t\t\t\t\t<\/div>\n\t\t<\/section>\n\t\t\t\t<\/div>\n\t\t","protected":false},"excerpt":{"rendered":"<p>Palveluehdot &#8211; verteco.shop CSS-ohjelma Palveluehdot, Verteco Digital Services ltd, tunnus: 53412834, ALV-tunnus: SK2121358349, rekister\u00f6ity osoitteessa Daniela Dlabaca 21, 010 01, \u017dilina, Slovakia, \u017dilinan k\u00e4r\u00e4j\u00e4oikeuden yritysrekisteri, osa: Sro, liite nro. 75936\/L, (&#8221;Verteco&#8221;, &#8221;me&#8221;, &#8221;me&#8221; tai &#8221;meid\u00e4n&#8221;). N\u00e4m\u00e4 Palveluehdot (&#8221;Ehdot&#8221;) s\u00e4\u00e4telev\u00e4t palveluidemme k\u00e4ytt\u00f6\u00e4, mukaan lukien verteco.shop Comparison Shopping Service (CSS) -ohjelma, sek\u00e4 verkkosivustomme, ty\u00f6kalumme ja muut ominaisuudet [&hellip;]<\/p>\n","protected":false},"author":1,"featured_media":0,"parent":0,"menu_order":0,"comment_status":"closed","ping_status":"closed","template":"elementor_canvas","meta":{"footnotes":""},"class_list":["post-23244","page","type-page","status-publish","hentry"],"_links":{"self":[{"href":"https:\/\/www.verteco.digital\/fi\/wp-json\/wp\/v2\/pages\/23244","targetHints":{"allow":["GET"]}}],"collection":[{"href":"https:\/\/www.verteco.digital\/fi\/wp-json\/wp\/v2\/pages"}],"about":[{"href":"https:\/\/www.verteco.digital\/fi\/wp-json\/wp\/v2\/types\/page"}],"author":[{"embeddable":true,"href":"https:\/\/www.verteco.digital\/fi\/wp-json\/wp\/v2\/users\/1"}],"replies":[{"embeddable":true,"href":"https:\/\/www.verteco.digital\/fi\/wp-json\/wp\/v2\/comments?post=23244"}],"version-history":[{"count":0,"href":"https:\/\/www.verteco.digital\/fi\/wp-json\/wp\/v2\/pages\/23244\/revisions"}],"wp:attachment":[{"href":"https:\/\/www.verteco.digital\/fi\/wp-json\/wp\/v2\/media?parent=23244"}],"curies":[{"name":"wp","href":"https:\/\/api.w.org\/{rel}","templated":true}]}}