{"id":29653,"date":"2024-03-20T08:54:39","date_gmt":"2024-03-20T08:54:39","guid":{"rendered":"https:\/\/www.verteco.digital\/kepviselo-a-magyar-piaci-tav\/"},"modified":"2024-03-20T09:01:26","modified_gmt":"2024-03-20T09:01:26","slug":"kepviselo-a-magyar-piaci-tav","status":"publish","type":"page","link":"https:\/\/www.verteco.digital\/hu\/kepviselo-a-magyar-piaci-tav\/","title":{"rendered":"Magyar piac k\u00e9pvisel\u0151je &#8211; t\u00e1voli"},"content":{"rendered":"\t\t<div data-elementor-type=\"wp-page\" data-elementor-id=\"29653\" class=\"elementor elementor-29653\" data-elementor-post-type=\"page\">\n\t\t\t\t\t\t<section class=\"elementor-section elementor-top-section elementor-element elementor-element-3c5542b elementor-section-boxed elementor-section-height-default elementor-section-height-default\" data-id=\"3c5542b\" data-element_type=\"section\" data-e-type=\"section\">\n\t\t\t\t\t\t<div class=\"elementor-container elementor-column-gap-default\">\n\t\t\t\t\t<div class=\"elementor-column elementor-col-100 elementor-top-column elementor-element elementor-element-5a12cf3d\" data-id=\"5a12cf3d\" data-element_type=\"column\" data-e-type=\"column\">\n\t\t\t<div class=\"elementor-widget-wrap elementor-element-populated\">\n\t\t\t\t\t\t<div class=\"elementor-element elementor-element-7fa2dad2 elementor-widget elementor-widget-heading\" data-id=\"7fa2dad2\" data-element_type=\"widget\" data-e-type=\"widget\" data-widget_type=\"heading.default\">\n\t\t\t\t<div class=\"elementor-widget-container\">\n\t\t\t\t\t<h1 class=\"elementor-heading-title elementor-size-default\">Magyar piac k\u00e9pvisel\u0151je &#8211; t\u00e1voli<\/h1>\t\t\t\t<\/div>\n\t\t\t\t<\/div>\n\t\t\t\t\t<\/div>\n\t\t<\/div>\n\t\t\t\t\t<\/div>\n\t\t<\/section>\n\t\t\t\t<section class=\"elementor-section elementor-top-section elementor-element elementor-element-208a8bc2 elementor-section-boxed elementor-section-height-default elementor-section-height-default\" data-id=\"208a8bc2\" data-element_type=\"section\" data-e-type=\"section\">\n\t\t\t\t\t\t<div class=\"elementor-container elementor-column-gap-default\">\n\t\t\t\t\t<div class=\"elementor-column elementor-col-50 elementor-top-column elementor-element elementor-element-57eab06c\" data-id=\"57eab06c\" data-element_type=\"column\" data-e-type=\"column\">\n\t\t\t<div class=\"elementor-widget-wrap elementor-element-populated\">\n\t\t\t\t\t\t<div class=\"elementor-element elementor-element-2a6e6f36 elementor-toc--content-ellipsis elementor-widget-tablet__width-initial elementor-hidden-mobile elementor-widget elementor-widget-table-of-contents\" data-id=\"2a6e6f36\" data-element_type=\"widget\" data-e-type=\"widget\" data-settings=\"{&quot;exclude_headings_by_selector&quot;:[],&quot;marker_view&quot;:&quot;bullets&quot;,&quot;sticky&quot;:&quot;top&quot;,&quot;sticky_on&quot;:[&quot;desktop&quot;],&quot;sticky_offset&quot;:230,&quot;sticky_effects_offset&quot;:10,&quot;sticky_parent&quot;:&quot;yes&quot;,&quot;headings_by_tags&quot;:[&quot;h2&quot;,&quot;h3&quot;,&quot;h4&quot;,&quot;h5&quot;,&quot;h6&quot;],&quot;icon&quot;:{&quot;value&quot;:&quot;fas fa-circle&quot;,&quot;library&quot;:&quot;fa-solid&quot;},&quot;no_headings_message&quot;:&quot;Ezen az oldalon nem tal\\u00e1lhat\\u00f3 c\\u00edmsor.&quot;,&quot;hierarchical_view&quot;:&quot;yes&quot;,&quot;min_height&quot;:{&quot;unit&quot;:&quot;px&quot;,&quot;size&quot;:&quot;&quot;,&quot;sizes&quot;:[]},&quot;min_height_tablet&quot;:{&quot;unit&quot;:&quot;px&quot;,&quot;size&quot;:&quot;&quot;,&quot;sizes&quot;:[]},&quot;min_height_mobile&quot;:{&quot;unit&quot;:&quot;px&quot;,&quot;size&quot;:&quot;&quot;,&quot;sizes&quot;:[]},&quot;sticky_anchor_link_offset&quot;:0}\" data-widget_type=\"table-of-contents.default\">\n\t\t\t\t<div class=\"elementor-widget-container\">\n\t\t\t\t\t\t\t\t\t<div class=\"elementor-toc__header\">\n\t\t\t\t\t\t<h4 class=\"elementor-toc__header-title\">\n\t\t\t\tInfo\t\t\t<\/h4>\n\t\t\t\t\t\t\t\t<\/div>\n\t\t\t\t<div id=\"elementor-toc__2a6e6f36\" class=\"elementor-toc__body\">\n\t\t\t<div class=\"elementor-toc__spinner-container\">\n\t\t\t\t<i class=\"elementor-toc__spinner eicon-animation-spin eicon-loading\" aria-hidden=\"true\"><\/i>\t\t\t<\/div>\n\t\t<\/div>\n\t\t\t\t\t\t<\/div>\n\t\t\t\t<\/div>\n\t\t\t\t\t<\/div>\n\t\t<\/div>\n\t\t\t\t<div class=\"elementor-column elementor-col-50 elementor-top-column elementor-element elementor-element-253beb5d\" data-id=\"253beb5d\" data-element_type=\"column\" data-e-type=\"column\">\n\t\t\t<div class=\"elementor-widget-wrap elementor-element-populated\">\n\t\t\t\t\t\t<div class=\"elementor-element elementor-element-746b02e elementor-widget elementor-widget-heading\" data-id=\"746b02e\" data-element_type=\"widget\" data-e-type=\"widget\" data-widget_type=\"heading.default\">\n\t\t\t\t<div class=\"elementor-widget-container\">\n\t\t\t\t\t<h3 class=\"elementor-heading-title elementor-size-default\">Munkak\u00f6ri le\u00edr\u00e1s<\/h3>\t\t\t\t<\/div>\n\t\t\t\t<\/div>\n\t\t\t\t<div class=\"elementor-element elementor-element-230c055f elementor-widget elementor-widget-text-editor\" data-id=\"230c055f\" data-element_type=\"widget\" data-e-type=\"widget\" data-widget_type=\"text-editor.default\">\n\t\t\t\t<div class=\"elementor-widget-container\">\n\t\t\t\t\t\t\t\t\t<p>\u00dczleti \u00e9s \u00e9rt\u00e9kes\u00edt\u00e9si szenved\u00e9llyel rendelkez\u0151 \u00e9rt\u00e9kes\u00edt\u00e9si k\u00e9pvisel\u0151t keres\u00fcnk, aki innovat\u00edv term\u00e9k\u00fcnk &#8211; verteco.shop &#8211; strat\u00e9giai pozicion\u00e1l\u00e1s\u00e1ra \u00e9s \u00e9rt\u00e9kes\u00edt\u00e9s\u00e9re \u00f6sszpontos\u00edt a magyar piacon. Ez a term\u00e9k egy forradalmian \u00faj program a v\u00e1s\u00e1rl\u00e1si \u00e1rak \u00f6sszehasonl\u00edt\u00e1s\u00e1ra (Comparison Shopping Services, CSS), amely lehet\u0151v\u00e9 teszi \u00fcgyfeleink sz\u00e1m\u00e1ra, hogy hat\u00e9konyan, 20%-kal cs\u00f6kkents\u00e9k hirdet\u00e9si k\u00f6lts\u00e9geiket a Google Shoppingon.<\/p>\n<p>A k\u00e9pvisel\u0151nek k\u00e9pesnek kell lennie az \u00faj lehet\u0151s\u00e9gek azonos\u00edt\u00e1s\u00e1ra \u00e9s akt\u00edv keres\u00e9s\u00e9re a piacon. Elv\u00e1rjuk t\u0151le, hogy proakt\u00edv \u00e9s strat\u00e9giai megk\u00f6zel\u00edt\u00e9st alkalmazzon a k\u00fcl\u00f6nb\u00f6z\u0151 tev\u00e9kenys\u00e9gek sor\u00e1n, bele\u00e9rtve a term\u00e9k n\u00e9pszer\u0171s\u00edt\u00e9s\u00e9t, a potenci\u00e1lis \u00fcgyfelekkel val\u00f3 kommunik\u00e1ci\u00f3t \u00e9s a megl\u00e9v\u0151 \u00fcgyfelekt\u0151l sz\u00e1rmaz\u00f3 \u00e9rt\u00e9kes visszajelz\u00e9sek megszerz\u00e9s\u00e9t.<\/p>\n\t\t\t\t\t\t\t\t<\/div>\n\t\t\t\t<\/div>\n\t\t\t\t<div class=\"elementor-element elementor-element-1b2f9c9d elementor-widget elementor-widget-heading\" data-id=\"1b2f9c9d\" data-element_type=\"widget\" data-e-type=\"widget\" data-widget_type=\"heading.default\">\n\t\t\t\t<div class=\"elementor-widget-container\">\n\t\t\t\t\t<h3 class=\"elementor-heading-title elementor-size-default\">Felaj\u00e1nlott el\u0151ny\u00f6k<\/h3>\t\t\t\t<\/div>\n\t\t\t\t<\/div>\n\t\t\t\t<div class=\"elementor-element elementor-element-6391def6 elementor-widget elementor-widget-text-editor\" data-id=\"6391def6\" data-element_type=\"widget\" data-e-type=\"widget\" data-widget_type=\"text-editor.default\">\n\t\t\t\t<div class=\"elementor-widget-container\">\n\t\t\t\t\t\t\t\t\t<p><\/p>\n<p><span style=\"color: var( --e-global-color-text ); font-family: var( --e-global-typography-text-font-family ), Sans-serif; font-size: var( --e-global-typography-text-font-size ); font-weight: var( --e-global-typography-text-font-weight );\">&#8211; Nincs p\u00e9nz\u00fcgyi korl\u00e1t &#8211; r\u00e9szesed\u00e9s a befejezett tranzakci\u00f3kb\u00f3l<\/span><\/p>\n<p>&#8211; Rugalmas munkaid\u0151<\/p>\n<p>&#8211; Lehet\u0151s\u00e9g k\u00fcl\u00f6nb\u00f6z\u0151 \u00fcgyfelekkel \u00e9s projektekkel val\u00f3 egy\u00fcttm\u0171k\u00f6d\u00e9sre<\/p>\n<p>&#8211; Lehet\u0151s\u00e9g az elemz\u0151 \u00e9s strat\u00e9giai gondolkod\u00e1s fejleszt\u00e9s\u00e9re<\/p>\n<p>&#8211; Folyamatos k\u00e9pz\u00e9s Google, Meta, Heureka, Shoptet, Leadhub rendszerekben<\/p>\n<p>&#8211; Szakmai szak\u00e9rt\u0151kkel csapatban dolgozni<\/p>\n<p>&#8211; Fejl\u0151d\u00e9si \u00e9s szakmai el\u0151rel\u00e9p\u00e9si lehet\u0151s\u00e9g<\/p>\n<p>&#8211; Teljesen t\u00e1vmunka<\/p>\n<p><\/p>\n<p><\/p>\n<p> <\/p>\n<p><\/p>\t\t\t\t\t\t\t\t<\/div>\n\t\t\t\t<\/div>\n\t\t\t\t<div class=\"elementor-element elementor-element-432d7927 elementor-widget elementor-widget-heading\" data-id=\"432d7927\" data-element_type=\"widget\" data-e-type=\"widget\" data-widget_type=\"heading.default\">\n\t\t\t\t<div class=\"elementor-widget-container\">\n\t\t\t\t\t<h3 class=\"elementor-heading-title elementor-size-default\">K\u00f6vetelm\u00e9nyek<\/h3>\t\t\t\t<\/div>\n\t\t\t\t<\/div>\n\t\t\t\t<div class=\"elementor-element elementor-element-1bcc2e54 elementor-widget__width-initial elementor-widget elementor-widget-text-editor\" data-id=\"1bcc2e54\" data-element_type=\"widget\" data-e-type=\"widget\" data-widget_type=\"text-editor.default\">\n\t\t\t\t<div class=\"elementor-widget-container\">\n\t\t\t\t\t\t\t\t\t<p><\/p>\n<h5>\u00c1ltal\u00e1nos k\u00e9pess\u00e9gek<span style=\"color: var( --e-global-color-text ); font-family: var( --e-global-typography-text-font-family ), Sans-serif; font-size: var( --e-global-typography-text-font-size );\">&nbsp;<\/span><\/h5>\n<p>&#8211; p\u00e9nz\u00fcgyi \u00e9s gazdas\u00e1gi ismeretek<br>&#8211; inform\u00e1ci\u00f3s m\u0171velts\u00e9g<br>&#8211; kultur\u00e1lt \u00edr\u00e1sbeli kifejez\u00e9sm\u00f3d<br>&#8211; kommunik\u00e1ci\u00f3 (emberekkel val\u00f3 foglalkoz\u00e1s)<br>&#8211; probl\u00e9m\u00e1k elemz\u00e9se \u00e9s megold\u00e1sa<br>&#8211; matematikai m\u0171velts\u00e9g<br>&#8211; bemutat\u00e1sa<br>&#8211; gondolkod\u00e1sbeli rugalmass\u00e1g (alkalmazkod\u00f3k\u00e9pess\u00e9g, rugalmass\u00e1g, improviz\u00e1ci\u00f3s k\u00e9pess\u00e9g)<br>&#8211; t\u00e1rgyal\u00e1s<\/p>\n<h5>Nyelvek<span style=\"color: var( --e-global-color-text ); font-family: var( --e-global-typography-text-font-family ), Sans-serif; font-size: var( --e-global-typography-text-font-size );\">&nbsp;<\/span><\/h5>\n<p><\/p>\n<p>&#8211; magyar &#8211; C1\/C2<br>&#8211; Angol&nbsp;<em>vagy<\/em> szlov\u00e1k <em>vagy<\/em> cseh &#8211; kommunikat\u00edv<\/p>\n<h5>Sz\u00e1m\u00edt\u00f3g\u00e9pek<\/h5>\n<p><\/p>\n<p>&#8211; Internet &#8211; halad\u00f3<\/p>\n<h5>Felt\u00e9telez\u00e9sek<\/h5>\n<p>&#8211; analitikus gondolkod\u00e1s<br>&#8211; kommunikat\u00edv k\u00e9szs\u00e9g<br>&#8211; c\u00e9ltudatoss\u00e1g<br>&#8211; \u00f6nbizalom<br>&#8211; kezdem\u00e9nyez\u00e9s<\/p>\n<p><\/p>\t\t\t\t\t\t\t\t<\/div>\n\t\t\t\t<\/div>\n\t\t\t\t<div class=\"elementor-element elementor-element-63b5991c elementor-widget elementor-widget-heading\" data-id=\"63b5991c\" data-element_type=\"widget\" data-e-type=\"widget\" data-widget_type=\"heading.default\">\n\t\t\t\t<div class=\"elementor-widget-container\">\n\t\t\t\t\t<h3 class=\"elementor-heading-title elementor-size-default\">Kiv\u00e1laszt\u00e1si folyamat<\/h3>\t\t\t\t<\/div>\n\t\t\t\t<\/div>\n\t\t\t\t<div class=\"elementor-element elementor-element-7c2abdb1 elementor-widget elementor-widget-text-editor\" data-id=\"7c2abdb1\" data-element_type=\"widget\" data-e-type=\"widget\" data-widget_type=\"text-editor.default\">\n\t\t\t\t<div class=\"elementor-widget-container\">\n\t\t\t\t\t\t\t\t\t<p>K\u00fcldj\u00f6n el \u00d6nr\u0151l tov\u00e1bbi inform\u00e1ci\u00f3kat az al\u00e1bbi \u0171rlapon vagy e-mailben&nbsp; <em>hr<\/em> @ <em>verteco<\/em> . <em>digit\u00e1lis.<\/em>&nbsp;<\/p>\n<p>Ha b\u00e1rmilyen k\u00e9rd\u00e9se van, forduljon hozz\u00e1nk bizalommal a +421 904 555 865 telefonsz\u00e1mon vagy a mariana@verteco.digital e-mail c\u00edmen.<\/p>\n<p><\/p>\n<p>Nyitva: 2024.3.31-ig<\/p>\t\t\t\t\t\t\t\t<\/div>\n\t\t\t\t<\/div>\n\t\t\t\t\t<\/div>\n\t\t<\/div>\n\t\t\t\t\t<\/div>\n\t\t<\/section>\n\t\t\t\t<section class=\"elementor-section elementor-top-section elementor-element elementor-element-235c6233 elementor-section-boxed elementor-section-height-default elementor-section-height-default\" data-id=\"235c6233\" data-element_type=\"section\" data-e-type=\"section\">\n\t\t\t\t\t\t<div class=\"elementor-container elementor-column-gap-default\">\n\t\t\t\t\t<div class=\"elementor-column elementor-col-100 elementor-top-column elementor-element elementor-element-1a42e9b9\" data-id=\"1a42e9b9\" data-element_type=\"column\" data-e-type=\"column\">\n\t\t\t<div class=\"elementor-widget-wrap elementor-element-populated\">\n\t\t\t\t\t\t<div class=\"elementor-element elementor-element-411ff1a8 elementor-widget elementor-widget-heading\" data-id=\"411ff1a8\" data-element_type=\"widget\" data-e-type=\"widget\" data-widget_type=\"heading.default\">\n\t\t\t\t<div class=\"elementor-widget-container\">\n\t\t\t\t\t<h3 class=\"elementor-heading-title elementor-size-default\">Kapcsolat<\/h3>\t\t\t\t<\/div>\n\t\t\t\t<\/div>\n\t\t\t\t<div class=\"elementor-element elementor-element-1a57223c elementor-button-align-stretch elementor-widget elementor-widget-form\" data-id=\"1a57223c\" data-element_type=\"widget\" data-e-type=\"widget\" data-settings=\"{&quot;step_next_label&quot;:&quot;K\\u00f6vetkez\\u0151&quot;,&quot;step_previous_label&quot;:&quot;El\\u0151z\\u0151&quot;,&quot;button_width&quot;:&quot;100&quot;,&quot;step_type&quot;:&quot;number_text&quot;,&quot;step_icon_shape&quot;:&quot;circle&quot;}\" data-widget_type=\"form.default\">\n\t\t\t\t<div class=\"elementor-widget-container\">\n\t\t\t\t\t\t\t<form class=\"elementor-form\" method=\"post\" name=\"\u00daj \u0171rlap\" aria-label=\"\u00daj \u0171rlap\">\n\t\t\t<input type=\"hidden\" name=\"post_id\" value=\"29653\"\/>\n\t\t\t<input type=\"hidden\" name=\"form_id\" value=\"1a57223c\"\/>\n\t\t\t<input type=\"hidden\" name=\"referer_title\" value=\"Magyar piac k\u00e9pvisel\u0151je &#8211; t\u00e1voli\" \/>\n\n\t\t\t\t\t\t\t<input type=\"hidden\" name=\"queried_id\" value=\"29653\"\/>\n\t\t\t\n\t\t\t<div class=\"elementor-form-fields-wrapper elementor-labels-above\">\n\t\t\t\t\t\t\t\t<div class=\"elementor-field-type-text elementor-field-group elementor-column elementor-field-group-name elementor-col-100\">\n\t\t\t\t\t\t\t\t\t\t\t\t<label for=\"form-field-name\" class=\"elementor-field-label\">\n\t\t\t\t\t\t\t\tN\u00e9v\t\t\t\t\t\t\t<\/label>\n\t\t\t\t\t\t\t\t\t\t\t\t\t\t<input size=\"1\" type=\"text\" name=\"form_fields[name]\" id=\"form-field-name\" class=\"elementor-field elementor-size-sm  elementor-field-textual\" placeholder=\"N\u00e9v\">\n\t\t\t\t\t\t\t\t\t\t\t<\/div>\n\t\t\t\t\t\t\t\t<div class=\"elementor-field-type-email elementor-field-group elementor-column elementor-field-group-email elementor-col-100 elementor-field-required\">\n\t\t\t\t\t\t\t\t\t\t\t\t<label for=\"form-field-email\" class=\"elementor-field-label\">\n\t\t\t\t\t\t\t\tE-mail\t\t\t\t\t\t\t<\/label>\n\t\t\t\t\t\t\t\t\t\t\t\t\t\t<input size=\"1\" type=\"email\" name=\"form_fields[email]\" id=\"form-field-email\" class=\"elementor-field elementor-size-sm  elementor-field-textual\" placeholder=\"E-mail\" required=\"required\">\n\t\t\t\t\t\t\t\t\t\t\t<\/div>\n\t\t\t\t\t\t\t\t<div class=\"elementor-field-type-textarea elementor-field-group elementor-column elementor-field-group-message elementor-col-100\">\n\t\t\t\t\t\t\t\t\t\t\t\t<label for=\"form-field-message\" class=\"elementor-field-label\">\n\t\t\t\t\t\t\t\t\u00dczenet\t\t\t\t\t\t\t<\/label>\n\t\t\t\t\t\t<textarea class=\"elementor-field-textual elementor-field  elementor-size-sm\" name=\"form_fields[message]\" id=\"form-field-message\" rows=\"4\" placeholder=\"\u00dczenet\"><\/textarea>\t\t\t\t<\/div>\n\t\t\t\t\t\t\t\t<div class=\"elementor-field-type-upload elementor-field-group elementor-column elementor-field-group-field_23855c4 elementor-col-100\">\n\t\t\t\t\t\t\t\t\t\t\t\t<label for=\"form-field-field_23855c4\" class=\"elementor-field-label\">\n\t\t\t\t\t\t\t\t\u00d6n\u00e9letrajz \/ F\u00e1jl felt\u00f6lt\u00e9se\t\t\t\t\t\t\t<\/label>\n\t\t\t\t\t\t\t\t<input type=\"file\" name=\"form_fields[field_23855c4][]\" id=\"form-field-field_23855c4\" class=\"elementor-field elementor-size-sm  elementor-upload-field\" multiple=\"multiple\" data-maxsize=\"50\" data-maxsize-message=\"This file exceeds the maximum allowed size.\">\n\n\t\t\t\t\t\t<\/div>\n\t\t\t\t\t\t\t\t<div class=\"elementor-field-type-recaptcha_v3 elementor-field-group elementor-column elementor-field-group-field_1658424 elementor-col-100 recaptcha_v3-inline\">\n\t\t\t\t\t<div class=\"elementor-field\" id=\"form-field-field_1658424\"><div class=\"elementor-g-recaptcha\" data-sitekey=\"6LcjClgjAAAAAJ5ntGMy_LnpDFzAKfg37hyCiJCE\" data-type=\"v3\" data-action=\"Form\" data-badge=\"inline\" data-size=\"invisible\"><\/div><\/div>\t\t\t\t<\/div>\n\t\t\t\t\t\t\t\t<div class=\"elementor-field-type-html elementor-field-group elementor-column elementor-field-group-field_87aefe6 elementor-col-100\">\n\t\t\t\t\t<p style=\"text-align:center\">Az \u0171rlap elk\u00fcld\u00e9s\u00e9vel \u00d6n tudom\u00e1sul veszi, hogy szem\u00e9lyes adatait az al\u00e1bbiak szerint kezelj\u00fck&nbsp; <a href=\"https:\/\/verteco.shop\/en\/privacy-policy\/\">Adatv\u00e9delmi ir\u00e1nyelvek.<\/a><\/p>\n\t\t\t\t<\/div>\n\t\t\t\t\t\t\t\t<div class=\"elementor-field-group elementor-column elementor-field-type-submit elementor-col-100 e-form__buttons\">\n\t\t\t\t\t<button class=\"elementor-button elementor-size-sm\" type=\"submit\">\n\t\t\t\t\t\t<span class=\"elementor-button-content-wrapper\">\n\t\t\t\t\t\t\t\t\t\t\t\t\t\t\t\t\t\t\t\t\t\t<span class=\"elementor-button-text\">K\u00fcldje el a<\/span>\n\t\t\t\t\t\t\t\t\t\t\t\t\t<\/span>\n\t\t\t\t\t<\/button>\n\t\t\t\t<\/div>\n\t\t\t<\/div>\n\t\t<\/form>\n\t\t\t\t\t\t<\/div>\n\t\t\t\t<\/div>\n\t\t\t\t\t<\/div>\n\t\t<\/div>\n\t\t\t\t\t<\/div>\n\t\t<\/section>\n\t\t\t\t<\/div>\n\t\t","protected":false},"excerpt":{"rendered":"<p>Info Munkak\u00f6ri le\u00edr\u00e1s \u00dczleti \u00e9s \u00e9rt\u00e9kes\u00edt\u00e9si szenved\u00e9llyel rendelkez\u0151 \u00e9rt\u00e9kes\u00edt\u00e9si k\u00e9pvisel\u0151t keres\u00fcnk, aki innovat\u00edv term\u00e9k\u00fcnk &#8211; verteco.shop &#8211; strat\u00e9giai pozicion\u00e1l\u00e1s\u00e1ra \u00e9s \u00e9rt\u00e9kes\u00edt\u00e9s\u00e9re \u00f6sszpontos\u00edt a magyar piacon. Ez a term\u00e9k egy forradalmian \u00faj program a v\u00e1s\u00e1rl\u00e1si \u00e1rak \u00f6sszehasonl\u00edt\u00e1s\u00e1ra (Comparison Shopping Services, CSS), amely lehet\u0151v\u00e9 teszi \u00fcgyfeleink sz\u00e1m\u00e1ra, hogy hat\u00e9konyan, 20%-kal cs\u00f6kkents\u00e9k hirdet\u00e9si k\u00f6lts\u00e9geiket a Google Shoppingon. A [&hellip;]<\/p>\n","protected":false},"author":1,"featured_media":0,"parent":0,"menu_order":0,"comment_status":"closed","ping_status":"closed","template":"elementor_header_footer","meta":{"footnotes":""},"class_list":["post-29653","page","type-page","status-publish","hentry"],"_links":{"self":[{"href":"https:\/\/www.verteco.digital\/hu\/wp-json\/wp\/v2\/pages\/29653","targetHints":{"allow":["GET"]}}],"collection":[{"href":"https:\/\/www.verteco.digital\/hu\/wp-json\/wp\/v2\/pages"}],"about":[{"href":"https:\/\/www.verteco.digital\/hu\/wp-json\/wp\/v2\/types\/page"}],"author":[{"embeddable":true,"href":"https:\/\/www.verteco.digital\/hu\/wp-json\/wp\/v2\/users\/1"}],"replies":[{"embeddable":true,"href":"https:\/\/www.verteco.digital\/hu\/wp-json\/wp\/v2\/comments?post=29653"}],"version-history":[{"count":0,"href":"https:\/\/www.verteco.digital\/hu\/wp-json\/wp\/v2\/pages\/29653\/revisions"}],"wp:attachment":[{"href":"https:\/\/www.verteco.digital\/hu\/wp-json\/wp\/v2\/media?parent=29653"}],"curies":[{"name":"wp","href":"https:\/\/api.w.org\/{rel}","templated":true}]}}