{"id":23234,"date":"2023-04-08T12:03:48","date_gmt":"2023-04-08T12:03:48","guid":{"rendered":"https:\/\/www.verteco.digital\/verteco-shop-termini-di-servizio\/"},"modified":"2023-04-13T18:51:38","modified_gmt":"2023-04-13T18:51:38","slug":"verteco-shop-termini-di-servizio","status":"publish","type":"page","link":"https:\/\/www.verteco.digital\/it\/verteco-shop-termini-di-servizio\/","title":{"rendered":"verteco.shop &#8211; termini di servizio"},"content":{"rendered":"\t\t<div data-elementor-type=\"wp-page\" data-elementor-id=\"23234\" class=\"elementor elementor-23234\" data-elementor-post-type=\"page\">\n\t\t\t\t\t\t<section class=\"elementor-section elementor-top-section elementor-element elementor-element-da001f3 elementor-section-boxed elementor-section-height-default elementor-section-height-default\" data-id=\"da001f3\" data-element_type=\"section\" data-e-type=\"section\">\n\t\t\t\t\t\t<div class=\"elementor-container elementor-column-gap-default\">\n\t\t\t\t\t<div class=\"elementor-column elementor-col-100 elementor-top-column elementor-element elementor-element-1c0b874\" data-id=\"1c0b874\" data-element_type=\"column\" data-e-type=\"column\">\n\t\t\t<div class=\"elementor-widget-wrap elementor-element-populated\">\n\t\t\t\t\t\t<div class=\"elementor-element elementor-element-5650a89 elementor-widget elementor-widget-spacer\" data-id=\"5650a89\" data-element_type=\"widget\" data-e-type=\"widget\" data-widget_type=\"spacer.default\">\n\t\t\t\t<div class=\"elementor-widget-container\">\n\t\t\t\t\t\t\t<div class=\"elementor-spacer\">\n\t\t\t<div class=\"elementor-spacer-inner\"><\/div>\n\t\t<\/div>\n\t\t\t\t\t\t<\/div>\n\t\t\t\t<\/div>\n\t\t\t\t<div class=\"elementor-element elementor-element-0bcaaf4 elementor-widget elementor-widget-heading\" data-id=\"0bcaaf4\" data-element_type=\"widget\" data-e-type=\"widget\" data-widget_type=\"heading.default\">\n\t\t\t\t<div class=\"elementor-widget-container\">\n\t\t\t\t\t<h2 class=\"elementor-heading-title elementor-size-default\">Termini di servizio - programma CSS di verteco.shop<\/h2>\t\t\t\t<\/div>\n\t\t\t\t<\/div>\n\t\t\t\t<div class=\"elementor-element elementor-element-cf0880d elementor-widget elementor-widget-text-editor\" data-id=\"cf0880d\" data-element_type=\"widget\" data-e-type=\"widget\" data-widget_type=\"text-editor.default\">\n\t\t\t\t<div class=\"elementor-widget-container\">\n\t\t\t\t\t\t\t\t\t<p>Termini di servizio, emessi da Verteco Digital Services ltd, ID: 53412834, Partita IVA: SK2121358349, registrata presso Daniela Dlabaca 21, 010 01, Zilina, Slovacchia, Registro delle imprese del tribunale distrettuale di Zilina, sezione: Sro, inserto n. 75936\/L, (&#8220;Verteco&#8221;, &#8220;noi&#8221;, &#8220;ci&#8221; o &#8220;nostro&#8221;). I presenti Termini di servizio (&#8220;Termini&#8221;) disciplinano l&#8217;utilizzo dei nostri servizi, incluso il programma Servizio di shopping comparativo (CSS) di verteco.shop, nonch\u00e9 il nostro sito Web, gli strumenti e altre funzionalit\u00e0 (collettivamente, i &#8220;Servizi&#8221;). Utilizzando i nostri Servizi, tu (&#8220;tu&#8221;, &#8220;tuo&#8221; o &#8220;Cliente&#8221;) accetti di essere vincolato dai presenti Termini.<\/p>\n<ol>\n<li>Accettazione dei Termini<\/li>\n<\/ol>\n<p>Accedendo o utilizzando i nostri Servizi, confermi di aver letto, compreso e accettato di essere vincolato dai presenti Termini e dalla nostra Informativa sulla privacy. Se non si accettano i presenti Termini, si prega di non accedere o utilizzare i nostri Servizi.<\/p>\n<ol start=\"2\">\n<li>Eleggibilit\u00e0<\/li>\n<\/ol>\n<p>Devi avere almeno 18 anni per utilizzare i nostri Servizi. Utilizzando i nostri Servizi, dichiari e garantisci di soddisfare questo requisito e di avere l&#8217;autorit\u00e0 per stipulare un accordo legalmente vincolante.<\/p>\n<ol start=\"3\">\n<li>Registrazione dell&#8217;account<\/li>\n<\/ol>\n<p>Per accedere a determinate funzionalit\u00e0 dei nostri Servizi, potrebbe essere necessario creare un account. Sei responsabile del mantenimento della riservatezza delle credenziali del tuo account e sei pienamente responsabile di tutte le attivit\u00e0 che si verificano sotto il tuo account. Accetti di notificarci immediatamente qualsiasi utilizzo non autorizzato del tuo account o qualsiasi altra violazione della sicurezza. Ci riserviamo il diritto di chiudere o sospendere il tuo account in qualsiasi momento per qualsiasi motivo.<\/p>\n<ol start=\"4\">\n<li>Prova gratuita<\/li>\n<\/ol>\n<p>Offriamo una prova gratuita di 30 giorni per il nostro programma CSS. Non \u00e8 richiesta alcuna carta di credito per la prova gratuita. Dopo il periodo di prova, dovrai scegliere un piano tariffario e fornire le informazioni di pagamento per continuare a utilizzare i nostri Servizi.<\/p>\n<ol start=\"5\">\n<li>Prezzi e pagamento<\/li>\n<\/ol>\n<p>I nostri piani tariffari sono elencati sul nostro sito web. Offriamo varie opzioni di prezzo per soddisfare le diverse esigenze. I pagamenti sono dovuti mensilmente o come acquisto una tantum, a seconda del piano scelto. Tutte le quote non sono rimborsabili, ad eccezione di quanto previsto dalla legge.<\/p>\n<ol start=\"6\">\n<li>Modifiche ai Servizi e ai Termini<\/li>\n<\/ol>\n<p>Possiamo modificare i nostri Servizi o questi Termini in qualsiasi momento, a nostra esclusiva discrezione. Se apportiamo modifiche sostanziali ai presenti Termini, ti informeremo pubblicando i Termini aggiornati sul nostro sito Web o tramite altri mezzi di comunicazione. L&#8217;uso continuato dei nostri Servizi dopo tali modifiche costituisce l&#8217;accettazione dei nuovi Termini.<\/p>\n<ol start=\"7\">\n<li>Risoluzione<\/li>\n<\/ol>\n<p>Ciascuna delle parti pu\u00f2 risolvere il presente contratto in qualsiasi momento, per qualsiasi motivo, dandone comunicazione scritta all&#8217;altra parte. Al termine, cesserai di utilizzare i nostri Servizi e disabiliteremo il tuo accesso alla nostra piattaforma.<\/p>\n<ol start=\"8\">\n<li>Propriet\u00e0 intellettuale<\/li>\n<\/ol>\n<p>Tutti i contenuti, i marchi e altri diritti di propriet\u00e0 intellettuale relativi ai nostri Servizi sono di nostra propriet\u00e0 o dei nostri licenziatari. Non \u00e8 possibile utilizzare, modificare, riprodurre, distribuire o altrimenti sfruttare la nostra propriet\u00e0 intellettuale senza il nostro previo consenso scritto.<\/p>\n<ol start=\"9\">\n<li>Disclaimer e limitazione di responsabilit\u00e0<\/li>\n<\/ol>\n<p>I nostri Servizi sono forniti &#8220;cos\u00ec come sono&#8221; e &#8220;come disponibili&#8221;, senza garanzie di alcun tipo, esplicite o implicite. Non garantiamo che i nostri Servizi saranno ininterrotti, privi di errori o completamente sicuri.<\/p>\n<p>Nella misura massima consentita dalla legge, non saremo responsabili per eventuali danni indiretti, incidentali, speciali, consequenziali o punitivi, o per qualsiasi perdita di profitti o ricavi, sostenuti direttamente o indirettamente, o per qualsiasi perdita di dati, utilizzo, avviamento , o altre perdite immateriali, risultanti dall&#8217;accesso o dall&#8217;utilizzo o dall&#8217;impossibilit\u00e0 di accedere o utilizzare i nostri Servizi.<\/p>\n<ol start=\"10\">\n<li>Indennizzo<\/li>\n<\/ol>\n<p>L&#8217;utente accetta di indennizzare, difendere e tenere indenne Verteco, le sue affiliate e i rispettivi funzionari, direttori, dipendenti e agenti da e contro qualsiasi pretesa, responsabilit\u00e0, danno, perdita o spesa, incluse ragionevoli spese legali e costi , derivanti da o in qualsiasi modo connessi con l&#8217;accesso o l&#8217;utilizzo dei nostri Servizi o con la violazione dei presenti Termini da parte dell&#8217;utente.<\/p>\n<ol start=\"11\">\n<li>Legge applicabile e giurisdizione<\/li>\n<\/ol>\n<p>I presenti Termini saranno regolati e interpretati in conformit\u00e0 con le leggi della Slovacchia, senza riguardo alle disposizioni sui conflitti di legge. Eventuali controversie derivanti da o relative ai presenti Termini o al tuo utilizzo dei nostri Servizi saranno risolte nei tribunali competenti situati a \u017dilina, in Slovacchia, e l&#8217;utente accetta di sottoporsi alla giurisdizione personale di tali tribunali.<\/p>\n<ol start=\"12\">\n<li>Separabilit\u00e0<\/li>\n<\/ol>\n<p>Se una qualsiasi disposizione dei presenti Termini risulta inapplicabile o non valida, tale disposizione sar\u00e0 limitata o eliminata nella misura minima necessaria in modo che i presenti Termini rimangano in vigore a tutti gli effetti e applicabili.<\/p>\n<ol start=\"13\">\n<li>Intero accordo<\/li>\n<\/ol>\n<p>I presenti Termini, insieme alla nostra Informativa sulla privacy, costituiscono l&#8217;intero accordo tra te e Verteco in merito al tuo utilizzo dei nostri Servizi, sostituendo qualsiasi accordo, comunicazione e proposta precedente o contemporanea, sia orale che scritta, tra te e Verteco.<\/p>\n<ol start=\"14\">\n<li>Senza esenzione<\/li>\n<\/ol>\n<p>Nessuna rinuncia a qualsiasi termine dei presenti Termini sar\u00e0 considerata un&#8217;ulteriore o continua rinuncia a tale termine o qualsiasi altro termine, e la mancata rivendicazione da parte di Verteco di qualsiasi diritto o disposizione ai sensi dei presenti Termini non costituir\u00e0 una rinuncia a tale diritto o disposizione.<\/p>\n<ol start=\"15\">\n<li>Informazioni sui contatti<\/li>\n<\/ol>\n<p>In caso di domande o dubbi sui presenti Termini o sui nostri Servizi, si prega di contattarci all&#8217;indirizzo e-mail: <a href=\"mailto:info@verteco.shop\">info@verteco.shop<\/a><\/p>\n<p>\u00a9 Verteco Digital Services LTD, Tutti i diritti riservati.<\/p>\n\t\t\t\t\t\t\t\t<\/div>\n\t\t\t\t<\/div>\n\t\t\t\t<div class=\"elementor-element elementor-element-f0a03f1 elementor-fixed elementor-widget elementor-widget-button\" data-id=\"f0a03f1\" data-element_type=\"widget\" data-e-type=\"widget\" data-settings=\"{&quot;_position&quot;:&quot;fixed&quot;}\" data-widget_type=\"button.default\">\n\t\t\t\t<div class=\"elementor-widget-container\">\n\t\t\t\t\t\t\t\t\t<div class=\"elementor-button-wrapper\">\n\t\t\t\t\t<a class=\"elementor-button elementor-button-link elementor-size-sm\" href=\"https:\/\/www.verteco.promo\/\" target=\"_blank\">\n\t\t\t\t\t\t<span class=\"elementor-button-content-wrapper\">\n\t\t\t\t\t\t\t\t\t<span class=\"elementor-button-text\">Ulteriori informazioni su verteco.shop CSS<\/span>\n\t\t\t\t\t<\/span>\n\t\t\t\t\t<\/a>\n\t\t\t\t<\/div>\n\t\t\t\t\t\t\t\t<\/div>\n\t\t\t\t<\/div>\n\t\t\t\t\t<\/div>\n\t\t<\/div>\n\t\t\t\t\t<\/div>\n\t\t<\/section>\n\t\t\t\t<\/div>\n\t\t","protected":false},"excerpt":{"rendered":"<p>Termini di servizio &#8211; programma CSS di verteco.shop Termini di servizio, emessi da Verteco Digital Services ltd, ID: 53412834, Partita IVA: SK2121358349, registrata presso Daniela Dlabaca 21, 010 01, Zilina, Slovacchia, Registro delle imprese del tribunale distrettuale di Zilina, sezione: Sro, inserto n. 75936\/L, (&#8220;Verteco&#8221;, &#8220;noi&#8221;, &#8220;ci&#8221; o &#8220;nostro&#8221;). I presenti Termini di servizio (&#8220;Termini&#8221;) [&hellip;]<\/p>\n","protected":false},"author":1,"featured_media":0,"parent":0,"menu_order":0,"comment_status":"closed","ping_status":"closed","template":"elementor_canvas","meta":{"footnotes":""},"class_list":["post-23234","page","type-page","status-publish","hentry"],"_links":{"self":[{"href":"https:\/\/www.verteco.digital\/it\/wp-json\/wp\/v2\/pages\/23234","targetHints":{"allow":["GET"]}}],"collection":[{"href":"https:\/\/www.verteco.digital\/it\/wp-json\/wp\/v2\/pages"}],"about":[{"href":"https:\/\/www.verteco.digital\/it\/wp-json\/wp\/v2\/types\/page"}],"author":[{"embeddable":true,"href":"https:\/\/www.verteco.digital\/it\/wp-json\/wp\/v2\/users\/1"}],"replies":[{"embeddable":true,"href":"https:\/\/www.verteco.digital\/it\/wp-json\/wp\/v2\/comments?post=23234"}],"version-history":[{"count":0,"href":"https:\/\/www.verteco.digital\/it\/wp-json\/wp\/v2\/pages\/23234\/revisions"}],"wp:attachment":[{"href":"https:\/\/www.verteco.digital\/it\/wp-json\/wp\/v2\/media?parent=23234"}],"curies":[{"name":"wp","href":"https:\/\/api.w.org\/{rel}","templated":true}]}}